{"id":5575,"date":"2025-05-22T16:15:27","date_gmt":"2025-05-22T14:15:27","guid":{"rendered":"https:\/\/www.voix-romane.com\/zweigulden\/"},"modified":"2025-05-27T12:10:13","modified_gmt":"2025-05-27T10:10:13","slug":"zweigulden","status":"publish","type":"page","link":"https:\/\/www.voix-romane.com\/de\/zweigulden\/","title":{"rendered":"Zweigulden"},"content":{"rendered":"<p>[et_pb_section fb_built=&#8221;1&#8243; fullwidth=&#8221;on&#8221; next_background_color=&#8221;#ffffff&#8221; _builder_version=&#8221;4.27.4&#8243; _module_preset=&#8221;default&#8221; background_enable_color=&#8221;off&#8221; use_background_color_gradient=&#8221;on&#8221; background_color_gradient_stops=&#8221;rgba(0,0,0,0.15) 0%|rgba(0,0,0,0.17) 100%&#8221; background_color_gradient_overlays_image=&#8221;on&#8221; background_image=&#8221;https:\/\/www.voix-romane.com\/Site\/wp-content\/uploads\/2025\/05\/Zweigulden-1.jpg&#8221; parallax=&#8221;on&#8221; min_height=&#8221;643px&#8221; min_height_tablet=&#8221;600px&#8221; min_height_phone=&#8221;100px&#8221; min_height_last_edited=&#8221;on|phone&#8221; custom_padding=&#8221;||||false|false&#8221; bottom_divider_style=&#8221;ramp&#8221; bottom_divider_flip=&#8221;horizontal&#8221; global_colors_info=&#8221;{}&#8221;][et_pb_fullwidth_header title=&#8221;Zweigulden&#8221; button_one_text=&#8221;Eintrittskarten f\u00fcr Eschau&#8221; button_one_url=&#8221;https:\/\/www.billetweb.fr\/la-peste-dansante-ensemble-zweigulden&#8221; button_two_text=&#8221;Eintrittskarten f\u00fcr Lahr&#8221; button_two_url=&#8221;https:\/\/www.billetweb.fr\/la-peste-dansante-ensemble-zweigulden1&#8243; _builder_version=&#8221;4.27.4&#8243; _module_preset=&#8221;default&#8221; title_font=&#8221;Calps Slim Light||||||||&#8221; title_text_color=&#8221;#FFFFFF&#8221; title_font_size=&#8221;60px&#8221; content_font=&#8221;Rift Soft &#8211; Bold||||||||&#8221; content_text_align=&#8221;left&#8221; content_text_color=&#8221;#FFFFFF&#8221; content_font_size=&#8221;20px&#8221; background_color=&#8221;RGBA(255,255,255,0)&#8221; background_enable_image=&#8221;off&#8221; custom_button_one=&#8221;on&#8221; button_one_text_size=&#8221;14px&#8221; button_one_text_color=&#8221;#FFFFFF&#8221; button_one_bg_color=&#8221;RGBA(255,255,255,0)&#8221; custom_button_two=&#8221;on&#8221; button_two_text_size=&#8221;14px&#8221; custom_padding=&#8221;373px||||false|false&#8221; custom_padding_tablet=&#8221;||||false|false&#8221; custom_padding_phone=&#8221;200px||||false|false&#8221; custom_padding_last_edited=&#8221;on|phone&#8221; link_option_url_new_window=&#8221;on&#8221; title_font_size_tablet=&#8221;50px&#8221; title_font_size_phone=&#8221;40px&#8221; title_font_size_last_edited=&#8221;off|desktop&#8221; content_font_size_tablet=&#8221;19px&#8221; content_font_size_phone=&#8221;18px&#8221; content_font_size_last_edited=&#8221;off|desktop&#8221; button_one_text_size_tablet=&#8221;13px&#8221; button_one_text_size_phone=&#8221;12px&#8221; button_one_text_size_last_edited=&#8221;off|desktop&#8221; global_colors_info=&#8221;{}&#8221;]<\/p>\n<p>Donnerstag, 28. August | <span style=\"font-family: inherit; font-weight: normal;\"> 20h<\/span><\/p>\n<p>Eschau | <span style=\"font-family: inherit; font-weight: normal;\"> \u00c9glise <\/span>Saint-Trophime<\/p>\n<p>&nbsp;<\/p>\n<p>Freitag, 29. August | <span style=\"font-family: inherit; font-weight: normal;\"> 20 Uhr<\/span><br \/>Lahr | <span style=\"font-family: inherit; font-weight: normal;\"> Stiftskirche<\/span><\/p>\n<p>[\/et_pb_fullwidth_header][\/et_pb_section][et_pb_section fb_built=&#8221;1&#8243; module_id=&#8221;Programm&#8221; _builder_version=&#8221;4.25.1&#8243; _module_preset=&#8221;default&#8221; background_enable_image=&#8221;off&#8221; background_size=&#8221;custom&#8221; background_position=&#8221;bottom_right&#8221; background_blend=&#8221;darken&#8221; custom_margin=&#8221;6px|||||&#8221; custom_padding=&#8221;3px||4px|||&#8221; global_colors_info=&#8221;{}&#8221;][et_pb_row column_structure=&#8221;3_5,2_5&#8243; module_class=&#8221;pa-inline-buttons&#8221; _builder_version=&#8221;4.26.0&#8243; _module_preset=&#8221;default&#8221; custom_padding=&#8221;||2px|||&#8221; locked=&#8221;off&#8221; global_colors_info=&#8221;{}&#8221;][et_pb_column type=&#8221;3_5&#8243; _builder_version=&#8221;4.16&#8243; _module_preset=&#8221;default&#8221; global_colors_info=&#8221;{}&#8221;][et_pb_text _builder_version=&#8221;4.27.4&#8243; _module_preset=&#8221;default&#8221; text_font=&#8221;Barlow||||||||&#8221; text_text_color=&#8221;rgba(0,0,0,0.8)&#8221; text_font_size=&#8221;16px&#8221; text_line_height=&#8221;1.8em&#8221; header_font=&#8221;Alata||||||||&#8221; header_font_size=&#8221;17px&#8221; header_2_font=&#8221;|600|||||||&#8221; header_2_text_color=&#8221;#144b97&#8243; header_2_font_size=&#8221;40px&#8221; header_2_letter_spacing=&#8221;2px&#8221; header_2_line_height=&#8221;1.2em&#8221; header_3_font=&#8221;|600|||||||&#8221; header_3_text_color=&#8221;#144b97&#8243; header_3_font_size=&#8221;30px&#8221; header_3_line_height=&#8221;1.2em&#8221; header_4_font=&#8221;Barlow||||||||&#8221; header_4_text_color=&#8221;#000000&#8243; header_4_font_size=&#8221;20px&#8221; background_enable_image=&#8221;off&#8221; background_size=&#8221;custom&#8221; background_image_width=&#8221;31%&#8221; background_image_height=&#8221;0%&#8221; background_position=&#8221;top_right&#8221; background_vertical_offset=&#8221;-7%&#8221; text_font_size_tablet=&#8221;14px&#8221; text_font_size_phone=&#8221;14px&#8221; text_font_size_last_edited=&#8221;on|phone&#8221; header_2_font_size_tablet=&#8221;35px&#8221; header_2_font_size_phone=&#8221;30px&#8221; header_2_font_size_last_edited=&#8221;on|desktop&#8221; header_3_font_size_tablet=&#8221;25px&#8221; header_3_font_size_phone=&#8221;20px&#8221; header_3_font_size_last_edited=&#8221;on|phone&#8221; header_4_font_size_tablet=&#8221;18px&#8221; header_4_font_size_phone=&#8221;16px&#8221; header_4_font_size_last_edited=&#8221;on|tablet&#8221; header_4_line_height_phone=&#8221;1.5em&#8221; header_4_line_height_last_edited=&#8221;off|desktop&#8221; inline_fonts=&#8221;Acme,Calps Light,Calps Slim Light&#8221; global_colors_info=&#8221;{}&#8221;]<\/p>\n<h2>Die Tanzpest<span style=\"font-family: 'Calps Light'; font-size: medium;\"><span style=\"color: #04148c;\"><br \/><\/span><\/span><\/h2>\n<div class=\"page\" title=\"Seite 1\">\n<div class=\"layoutArea\">\n<p>Im Juli 1518 begann eine Frau vier bis sechs Tage lang in einer Stra\u00dfe in Stra\u00dfburg eifrig zu tanzen. Innerhalb einer Woche schlossen sich ihr 34 weitere Personen an und innerhalb eines Monats waren es etwa 400. <\/p>\n<p>W\u00e4hrend zwischen 1200 und 1600 etwa 20 vergleichbare Episoden berichtet wurden, machen die historischen Dokumente aus dieser Zeit, darunter Notizen von \u00c4rzten, Predigten des M\u00fcnsters, lokale und regionale Chroniken und sogar Tickets des Stra\u00dfburger Stadtrats, diese Epidemie zu einer der am besten dokumentierten in der Geschichte.<\/p>\n<p>Als sich die Epidemie verschlimmerte, wiesen die \u00c4rzte astrologische und \u00fcbernat\u00fcrliche Ursachen zur\u00fcck. Anstatt jedoch wie \u00fcblich Aderl\u00e4sse zu verordnen, ermutigten die Beh\u00f6rden die T\u00e4nzer, indem sie einen Getreidemarkt einrichteten und eine h\u00f6lzerne B\u00fchne bauten. Sie glaubten, dass die Kranken nur dann mit dem Tanzen aufh\u00f6ren w\u00fcrden, wenn sie es ununterbrochen Tag und Nacht bis zur Ersch\u00f6pfung tun k\u00f6nnten. Um die Wirksamkeit der Behandlung zu verbessern, stellten die Beh\u00f6rden sogar Musiker ein, die den Tanz unterst\u00fctzen sollten.   <\/p>\n<p>Das Basler Ensemble Zweigulden erinnert mit Renaissancemusik und -t\u00e4nzen an diese ber\u00fchmte historische Episode &#8211; ein ungew\u00f6hnlicher Ausflug f\u00fcr \u201eVoix et Route Romane\u201c, aber sehr lokal und berauschend!<\/p>\n<p><span style=\"font-weight: 400;\"><\/span><\/p>\n<\/div>\n<\/div>\n<h3>Zweigulden<\/h3>\n<div title=\"Seite 2\">\n<div title=\"Seite 3\">\n<p>Das Ensemble Zweigulden, das sich auf weltliche Instrumentalmusik um 1500 spezialisiert hat, pr\u00e4sentiert fesselnde Konzerte zu dramatischen historischen Themen wie der tanzenden t\u00f6dlichen Pest von 1518 in Stra\u00dfburg und den Fechtturnieren von Kaiser Maximilian. Das Duo der Renaissance-Instrumente Fl\u00f6te und Trommel, einst weit verbreitet und immer noch sehr pr\u00e4sent in der Tradition des Basler Karnevals, steht im Mittelpunkt des Projekts. Zweigulden hat mit historischen T\u00e4nzern, historischen Fechtern und zeitgen\u00f6ssischen T\u00e4nzern zusammengearbeitet und tritt manchmal in Kost\u00fcmen auf, wodurch verschiedene Disziplinen miteinander vermischt werden.  <\/p>\n<\/div>\n<\/div>\n<p>[\/et_pb_text][et_pb_button button_url=&#8221;https:\/\/www.billetweb.fr\/paris-1200-huelgas-ensemble&#8221; url_new_window=&#8221;on&#8221; button_text=&#8221;Ticketverkauf&#8221; _builder_version=&#8221;4.27.4&#8243; _module_preset=&#8221;default&#8221; custom_button=&#8221;on&#8221; button_text_size=&#8221;20px&#8221; button_text_color=&#8221;#875b6c&#8221; button_border_width=&#8221;0px&#8221; button_border_radius=&#8221;10px&#8221; button_letter_spacing=&#8221;0px&#8221; button_font=&#8221;Barlow||||||||&#8221; button_icon=&#8221;&#xf3ff;||fa||900&#8243; button_icon_placement=&#8221;left&#8221; button_on_hover=&#8221;off&#8221; custom_margin=&#8221;-5px||5px||false|false&#8221; custom_padding=&#8221;||||false|false&#8221; button_text_size_tablet=&#8221;16px&#8221; button_text_size_phone=&#8221;16px&#8221; button_text_size_last_edited=&#8221;on|desktop&#8221; global_colors_info=&#8221;{}&#8221;][\/et_pb_button][et_pb_button button_url=&#8221;https:\/\/www.voix-romane.com\/toute-la-programmation-2025\/#eschau&#8221; button_text=&#8221;Das gesamte Programm der beiden Tage&#8221; _builder_version=&#8221;4.27.4&#8243; _module_preset=&#8221;default&#8221; custom_button=&#8221;on&#8221; button_text_size=&#8221;20px&#8221; button_text_color=&#8221;#875b6c&#8221; button_border_width=&#8221;0px&#8221; button_border_radius=&#8221;10px&#8221; button_letter_spacing=&#8221;0px&#8221; button_font=&#8221;Barlow||||||||&#8221; button_icon=&#8221;&#xf002;||fa||900&#8243; button_icon_placement=&#8221;left&#8221; button_on_hover=&#8221;off&#8221; custom_margin=&#8221;-5px||5px||false|false&#8221; custom_padding=&#8221;||||false|false&#8221; hover_enabled=&#8221;0&#8243; button_text_size_tablet=&#8221;16px&#8221; button_text_size_phone=&#8221;16px&#8221; button_text_size_last_edited=&#8221;on|phone&#8221; global_colors_info=&#8221;{}&#8221; sticky_enabled=&#8221;0&#8243;][\/et_pb_button][et_pb_button button_url=&#8221;https:\/\/www.route-romane.com\/alsace\/eschau&#8221; url_new_window=&#8221;on&#8221; button_text=&#8221;Die Kirche auf der romanischen Stra\u00dfe des Elsass&#8221; _builder_version=&#8221;4.27.4&#8243; _module_preset=&#8221;default&#8221; custom_button=&#8221;on&#8221; button_text_size=&#8221;20px&#8221; button_text_color=&#8221;#875b6c&#8221; button_border_width=&#8221;0px&#8221; button_border_radius=&#8221;10px&#8221; button_letter_spacing=&#8221;0px&#8221; button_font=&#8221;Barlow||||||||&#8221; button_icon=&#8221;&#xf67f;||fa||900&#8243; button_icon_placement=&#8221;left&#8221; button_on_hover=&#8221;off&#8221; custom_margin=&#8221;-5px||5px||false|false&#8221; custom_padding=&#8221;||||false|false&#8221; hover_enabled=&#8221;0&#8243; button_text_size_tablet=&#8221;16px&#8221; button_text_size_phone=&#8221;16px&#8221; button_text_size_last_edited=&#8221;on|phone&#8221; global_colors_info=&#8221;{}&#8221; sticky_enabled=&#8221;0&#8243;][\/et_pb_button][\/et_pb_column][et_pb_column type=&#8221;2_5&#8243; _builder_version=&#8221;4.16&#8243; _module_preset=&#8221;default&#8221; global_colors_info=&#8221;{}&#8221;][et_pb_text _builder_version=&#8221;4.27.4&#8243; _module_preset=&#8221;default&#8221; text_font=&#8221;Barlow|500|||||||&#8221; text_text_color=&#8221;rgba(0,0,0,0.7)&#8221; text_font_size=&#8221;16px&#8221; text_line_height=&#8221;1.3em&#8221; header_2_font=&#8221;Alata||||||||&#8221; header_2_font_size=&#8221;30px&#8221; header_2_letter_spacing=&#8221;2px&#8221; header_2_line_height=&#8221;1.2em&#8221; header_3_font=&#8221;|600|||||||&#8221; header_3_text_color=&#8221;#144b97&#8243; header_3_font_size=&#8221;30px&#8221; header_3_line_height=&#8221;1.2em&#8221; background_color=&#8221;#FFFFFF&#8221; background_enable_image=&#8221;off&#8221; background_size=&#8221;custom&#8221; background_image_width=&#8221;33%&#8221; background_position=&#8221;top_right&#8221; custom_padding=&#8221;5px|5px|5px|5px|false|false&#8221; text_font_size_tablet=&#8221;14px&#8221; text_font_size_phone=&#8221;14px&#8221; text_font_size_last_edited=&#8221;on|desktop&#8221; header_2_font_size_tablet=&#8221;40px&#8221; header_2_font_size_phone=&#8221;30px&#8221; header_2_font_size_last_edited=&#8221;on|phone&#8221; header_3_font_size_tablet=&#8221;25px&#8221; header_3_font_size_phone=&#8221;20px&#8221; header_3_font_size_last_edited=&#8221;on|desktop&#8221; inline_fonts=&#8221;Acme&#8221; global_colors_info=&#8221;{}&#8221;]<\/p>\n<h3>Besetzung<span style=\"color: #04148c;\"><\/span><span style=\"color: #04148c;\"><span style=\"color: #000000;\"><\/span><\/span><\/h3>\n<p>Grace Newcombe<br \/><span style=\"color: #144b97;\">Stimme und gotische Harfe<\/span><\/p>\n<p><span>Colin Heller<br \/><\/span><span style=\"color: #144b97;\">Violine und Nyckelharpa<\/span><\/p>\n<p>Marc Lewon<br \/><span style=\"color: #144b97;\">Laute, Quinterne, Cister und Stimme<\/span><\/p>\n<p>Philipp Wingeier<br \/><span style=\"color: #144b97;\">Renaissance-Trommel und Sprecher<\/span><\/p>\n<p>Christian Senatore<span style=\"color: #144b97;\"><br \/>Zeitgen\u00f6ssischer Tanz, Choreographie<br \/><\/span><\/p>\n<p>Laetitia Kohler<br \/><span style=\"color: #144b97;\">Zeitgen\u00f6ssischer Tanz, Choreographie<\/span><\/p>\n<p>Holly Scarborough<br \/><span style=\"color: #144b97;\">Fl\u00f6ten, Tamburin, Tamburin, Konzept und Leitung<\/span><\/p>\n<p>[\/et_pb_text][et_pb_text _builder_version=&#8221;4.27.4&#8243; _module_preset=&#8221;default&#8221; text_font=&#8221;Barlow||||||||&#8221; text_text_color=&#8221;rgba(0,0,0,0.7)&#8221; text_font_size=&#8221;16px&#8221; text_line_height=&#8221;1.3em&#8221; header_2_font=&#8221;Alata||||||||&#8221; header_2_font_size=&#8221;30px&#8221; header_2_letter_spacing=&#8221;2px&#8221; header_2_line_height=&#8221;1.2em&#8221; header_3_font=&#8221;|600|||||||&#8221; header_3_text_color=&#8221;#875b6c&#8221; header_3_font_size=&#8221;30px&#8221; header_3_line_height=&#8221;1.2em&#8221; header_4_font=&#8221;Poppins|300|||||||&#8221; header_4_text_color=&#8221;#144b97&#8243; header_4_font_size=&#8221;20px&#8221; header_5_font=&#8221;Poppins||||||||&#8221; header_5_text_color=&#8221;#000000&#8243; header_5_font_size=&#8221;20px&#8221; background_color=&#8221;#FFFFFF&#8221; background_enable_image=&#8221;off&#8221; background_size=&#8221;custom&#8221; background_image_width=&#8221;24%&#8221; background_position=&#8221;top_right&#8221; custom_margin=&#8221;||0px||false|false&#8221; custom_padding=&#8221;5px|5px|0px|5px|false|false&#8221; text_font_size_tablet=&#8221;14px&#8221; text_font_size_phone=&#8221;14px&#8221; text_font_size_last_edited=&#8221;on|desktop&#8221; header_2_font_size_tablet=&#8221;40px&#8221; header_2_font_size_phone=&#8221;30px&#8221; header_2_font_size_last_edited=&#8221;on|phone&#8221; header_3_font_size_tablet=&#8221;30px&#8221; header_3_font_size_phone=&#8221;30px&#8221; header_3_font_size_last_edited=&#8221;off|tablet&#8221; header_4_font_size_tablet=&#8221;16px&#8221; header_4_font_size_phone=&#8221;16px&#8221; header_4_font_size_last_edited=&#8221;on|desktop&#8221; header_5_font_size_tablet=&#8221;16px&#8221; header_5_font_size_phone=&#8221;16px&#8221; header_5_font_size_last_edited=&#8221;on|desktop&#8221; inline_fonts=&#8221;Acme&#8221; global_colors_info=&#8221;{}&#8221;]<\/p>\n<h3>Rund um das Konzert in Lahr<\/h3>\n<p>[\/et_pb_text][et_pb_text _builder_version=&#8221;4.27.4&#8243; _module_preset=&#8221;default&#8221; text_font=&#8221;Barlow||||||||&#8221; text_text_color=&#8221;rgba(0,0,0,0.7)&#8221; text_font_size=&#8221;16px&#8221; text_line_height=&#8221;1.3em&#8221; header_2_font=&#8221;Alata||||||||&#8221; header_2_font_size=&#8221;30px&#8221; header_2_letter_spacing=&#8221;2px&#8221; header_2_line_height=&#8221;1.2em&#8221; header_3_font=&#8221;|600|||||||&#8221; header_3_text_color=&#8221;#144b97&#8243; header_3_font_size=&#8221;40px&#8221; header_3_line_height=&#8221;1.2em&#8221; header_4_font=&#8221;Poppins|600|||||||&#8221; header_4_text_color=&#8221;#875b6c&#8221; header_4_font_size=&#8221;20px&#8221; header_5_font=&#8221;Poppins||||||||&#8221; header_5_text_color=&#8221;#000000&#8243; header_5_font_size=&#8221;20px&#8221; background_color=&#8221;#FFFFFF&#8221; background_enable_image=&#8221;off&#8221; background_size=&#8221;custom&#8221; background_image_width=&#8221;24%&#8221; background_position=&#8221;top_right&#8221; custom_margin=&#8221;10px||0px||false|false&#8221; custom_padding=&#8221;5px|5px|5px|5px|false|false&#8221; text_font_size_tablet=&#8221;14px&#8221; text_font_size_phone=&#8221;14px&#8221; text_font_size_last_edited=&#8221;on|desktop&#8221; header_2_font_size_tablet=&#8221;40px&#8221; header_2_font_size_phone=&#8221;30px&#8221; header_2_font_size_last_edited=&#8221;on|phone&#8221; header_3_font_size_tablet=&#8221;35px&#8221; header_3_font_size_phone=&#8221;30px&#8221; header_3_font_size_last_edited=&#8221;on|desktop&#8221; header_4_font_size_tablet=&#8221;16px&#8221; header_4_font_size_phone=&#8221;16px&#8221; header_4_font_size_last_edited=&#8221;on|desktop&#8221; header_5_font_size_tablet=&#8221;16px&#8221; header_5_font_size_phone=&#8221;16px&#8221; header_5_font_size_last_edited=&#8221;on|desktop&#8221; inline_fonts=&#8221;Acme&#8221; global_colors_info=&#8221;{}&#8221;]<\/p>\n<h4>Romanische Kirche in Burgheim<br \/>LAHR<\/h4>\n<h5><a href=\"https:\/\/www.voix-romane.com\/de\/fuehrungen\/\"><span>18.00 Uhr &#8211; Gef\u00fchrte Besichtigung<\/span><\/a><\/h5>\n<p>[\/et_pb_text][et_pb_button button_url=&#8221;https:\/\/www.billetweb.fr\/visite-guidee-de-leglise-romane-de-burgheim&#8221; url_new_window=&#8221;on&#8221; button_text=&#8221;Ticketverkauf&#8221; _builder_version=&#8221;4.27.4&#8243; _module_preset=&#8221;default&#8221; custom_button=&#8221;on&#8221; button_text_size=&#8221;16px&#8221; button_text_color=&#8221;#875b6c&#8221; button_border_width=&#8221;0px&#8221; button_border_radius=&#8221;10px&#8221; button_letter_spacing=&#8221;0px&#8221; button_font=&#8221;Barlow||||||||&#8221; button_icon=&#8221;&#xf3ff;||fa||900&#8243; button_icon_color=&#8221;#875b6c&#8221; button_icon_placement=&#8221;left&#8221; button_on_hover=&#8221;off&#8221; custom_margin=&#8221;-5px||5px||false|false&#8221; custom_padding=&#8221;||||false|false&#8221; locked=&#8221;off&#8221; global_colors_info=&#8221;{}&#8221;][\/et_pb_button][\/et_pb_column][\/et_pb_row][\/et_pb_section][et_pb_section fb_built=&#8221;1&#8243; _builder_version=&#8221;4.20.4&#8243; _module_preset=&#8221;default&#8221; custom_padding=&#8221;3px||1px|||&#8221; global_colors_info=&#8221;{}&#8221;][et_pb_row column_structure=&#8221;1_2,1_2&#8243; _builder_version=&#8221;4.16&#8243; _module_preset=&#8221;default&#8221; custom_margin=&#8221;|auto|-29px|auto||&#8221; custom_padding=&#8221;0px||22px|||&#8221; global_colors_info=&#8221;{}&#8221;][et_pb_column type=&#8221;1_2&#8243; _builder_version=&#8221;4.16&#8243; _module_preset=&#8221;default&#8221; global_colors_info=&#8221;{}&#8221;][\/et_pb_column][et_pb_column type=&#8221;1_2&#8243; _builder_version=&#8221;4.16&#8243; _module_preset=&#8221;default&#8221; global_colors_info=&#8221;{}&#8221;][et_pb_button button_url=&#8221;@ET-DC@eyJkeW5hbWljIjp0cnVlLCJjb250ZW50IjoicG9zdF9saW5rX3VybF9wYWdlIiwic2V0dGluZ3MiOnsicG9zdF9pZCI6IjU0NTAiLCJlbmFibGVfaHRtbCI6Im9mZiJ9fQ==@&#8221; button_text=&#8221;Huelgas Ensemble&#8221; button_alignment=&#8221;right&#8221; admin_label=&#8221;#Association&#8221; _builder_version=&#8221;4.27.4&#8243; _dynamic_attributes=&#8221;button_url&#8221; _module_preset=&#8221;default&#8221; custom_button=&#8221;on&#8221; button_text_size=&#8221;20px&#8221; button_text_color=&#8221;#000000&#8243; button_bg_color=&#8221;rgba(0,0,0,0)&#8221; button_bg_enable_image=&#8221;off&#8221; button_bg_size=&#8221;contain&#8221; button_bg_position=&#8221;center_right&#8221; button_border_width=&#8221;0px&#8221; button_border_color=&#8221;#3d4a41&#8243; button_border_radius=&#8221;0px&#8221; button_font=&#8221;DM Sans|600|||||||&#8221; button_icon=&#8221;&#x24;||divi||400&#8243; button_on_hover=&#8221;off&#8221; custom_margin=&#8221;20px||1px||false|false&#8221; custom_padding=&#8221;16px|44px|16px|0px|true|false&#8221; button_text_size_tablet=&#8221;14px&#8221; button_text_size_phone=&#8221;14px&#8221; button_text_size_last_edited=&#8221;on|phone&#8221; global_colors_info=&#8221;{}&#8221;][\/et_pb_button][\/et_pb_column][\/et_pb_row][\/et_pb_section]<\/p>\n","protected":false},"excerpt":{"rendered":"<p>Donnerstag, 28. August | 20h Eschau | \u00c9glise Saint-Trophime &nbsp; Freitag, 29. August | 20 UhrLahr | StiftskircheDie Tanzpest Im Juli 1518 begann eine Frau vier bis sechs Tage lang in einer Stra\u00dfe in Stra\u00dfburg eifrig zu tanzen. Innerhalb einer Woche schlossen sich ihr 34 weitere Personen an und innerhalb eines Monats waren es etwa [&hellip;]<\/p>\n","protected":false},"author":3,"featured_media":0,"parent":0,"menu_order":0,"comment_status":"closed","ping_status":"closed","template":"","meta":{"_et_pb_use_builder":"on","_et_pb_old_content":"","_et_gb_content_width":"","footnotes":""},"class_list":["post-5575","page","type-page","status-publish","hentry"],"_links":{"self":[{"href":"https:\/\/www.voix-romane.com\/de\/wp-json\/wp\/v2\/pages\/5575","targetHints":{"allow":["GET"]}}],"collection":[{"href":"https:\/\/www.voix-romane.com\/de\/wp-json\/wp\/v2\/pages"}],"about":[{"href":"https:\/\/www.voix-romane.com\/de\/wp-json\/wp\/v2\/types\/page"}],"author":[{"embeddable":true,"href":"https:\/\/www.voix-romane.com\/de\/wp-json\/wp\/v2\/users\/3"}],"replies":[{"embeddable":true,"href":"https:\/\/www.voix-romane.com\/de\/wp-json\/wp\/v2\/comments?post=5575"}],"version-history":[{"count":8,"href":"https:\/\/www.voix-romane.com\/de\/wp-json\/wp\/v2\/pages\/5575\/revisions"}],"predecessor-version":[{"id":5880,"href":"https:\/\/www.voix-romane.com\/de\/wp-json\/wp\/v2\/pages\/5575\/revisions\/5880"}],"wp:attachment":[{"href":"https:\/\/www.voix-romane.com\/de\/wp-json\/wp\/v2\/media?parent=5575"}],"curies":[{"name":"wp","href":"https:\/\/api.w.org\/{rel}","templated":true}]}}